{"id":185,"date":"2024-05-16T19:44:16","date_gmt":"2024-05-16T18:44:16","guid":{"rendered":"https:\/\/wp.frenchflyingclub.org\/?page_id=185"},"modified":"2025-09-25T12:32:43","modified_gmt":"2025-09-25T12:32:43","slug":"contact","status":"publish","type":"page","link":"https:\/\/www.frenchflyingclub.org\/index.php\/contact\/","title":{"rendered":"Contact"},"content":{"rendered":"\n<div class=\"wp-block-cover has-custom-content-position is-position-center-left\"><img decoding=\"async\" width=\"1024\" height=\"581\" class=\"wp-block-cover__image-background wp-image-200 size-large\" alt=\"\" src=\"https:\/\/wp.frenchflyingclub.org\/wp-content\/uploads\/2024\/07\/closeup-1024x581.png\" data-object-fit=\"cover\" srcset=\"https:\/\/www.frenchflyingclub.org\/wp-content\/uploads\/2024\/07\/closeup-1024x581.png 1024w, https:\/\/www.frenchflyingclub.org\/wp-content\/uploads\/2024\/07\/closeup-600x340.png 600w, https:\/\/www.frenchflyingclub.org\/wp-content\/uploads\/2024\/07\/closeup-300x170.png 300w, https:\/\/www.frenchflyingclub.org\/wp-content\/uploads\/2024\/07\/closeup-768x435.png 768w, https:\/\/www.frenchflyingclub.org\/wp-content\/uploads\/2024\/07\/closeup-1536x871.png 1536w, https:\/\/www.frenchflyingclub.org\/wp-content\/uploads\/2024\/07\/closeup-2048x1161.png 2048w\" sizes=\"(max-width: 1024px) 100vw, 1024px\" \/><span aria-hidden=\"true\" class=\"wp-block-cover__background has-background-dim\" style=\"background-color:#151413\"><\/span><div class=\"wp-block-cover__inner-container is-layout-flow wp-block-cover-is-layout-flow\">\n<p class=\"has-text-align-left\">Nous sommes prioritairement pr\u00e9sents sur le <a href=\"https:\/\/discord.gg\/4gM8Whwmgw\" target=\"_blank\" rel=\"noreferrer noopener\"><strong>Discord<\/strong><\/a> French Flying Club.<br>Nous sommes \u00e9galement disponible sur le canal d\u00e9di\u00e9 French Flying Club sur le Discord de la French vACC.<br>Il est joinable directement depuis le site de la <a href=\"https:\/\/vatsim.fr\"><strong>French vACC<\/strong><\/a> avec un compte VATSIM.<br>Une adresse de contact est aussi disponible pour toutes demandes :\u00a0<a href=\"mailto:contact@frenchflyingclub.fr\"><strong>Envoyez un email<\/strong><\/a><\/p>\n<\/div><\/div>\n","protected":false},"excerpt":{"rendered":"","protected":false},"author":2,"featured_media":0,"parent":0,"menu_order":0,"comment_status":"closed","ping_status":"closed","template":"","meta":{"_themeisle_gutenberg_block_has_review":false,"footnotes":""},"class_list":["post-185","page","type-page","status-publish","hentry"],"_links":{"self":[{"href":"https:\/\/www.frenchflyingclub.org\/index.php\/wp-json\/wp\/v2\/pages\/185","targetHints":{"allow":["GET"]}}],"collection":[{"href":"https:\/\/www.frenchflyingclub.org\/index.php\/wp-json\/wp\/v2\/pages"}],"about":[{"href":"https:\/\/www.frenchflyingclub.org\/index.php\/wp-json\/wp\/v2\/types\/page"}],"author":[{"embeddable":true,"href":"https:\/\/www.frenchflyingclub.org\/index.php\/wp-json\/wp\/v2\/users\/2"}],"replies":[{"embeddable":true,"href":"https:\/\/www.frenchflyingclub.org\/index.php\/wp-json\/wp\/v2\/comments?post=185"}],"version-history":[{"count":4,"href":"https:\/\/www.frenchflyingclub.org\/index.php\/wp-json\/wp\/v2\/pages\/185\/revisions"}],"predecessor-version":[{"id":1033,"href":"https:\/\/www.frenchflyingclub.org\/index.php\/wp-json\/wp\/v2\/pages\/185\/revisions\/1033"}],"wp:attachment":[{"href":"https:\/\/www.frenchflyingclub.org\/index.php\/wp-json\/wp\/v2\/media?parent=185"}],"curies":[{"name":"wp","href":"https:\/\/api.w.org\/{rel}","templated":true}]}}