{"id":180,"date":"2024-05-16T17:35:10","date_gmt":"2024-05-16T16:35:10","guid":{"rendered":"https:\/\/wp.frenchflyingclub.org\/?page_id=180"},"modified":"2025-07-25T11:37:43","modified_gmt":"2025-07-25T11:37:43","slug":"voltige","status":"publish","type":"page","link":"https:\/\/www.frenchflyingclub.org\/index.php\/voltige\/","title":{"rendered":"Pains Acrobatiques"},"content":{"rendered":"\n<div class=\"wp-block-columns is-layout-flex wp-container-core-columns-is-layout-28f84493 wp-block-columns-is-layout-flex\">\n<div class=\"wp-block-column is-vertically-aligned-center is-layout-flow wp-block-column-is-layout-flow\" style=\"flex-basis:80%\">\n<p>Depuis peu le French Flying Club dispose d&rsquo;une flotte de <strong>TB30<\/strong> et de <strong>PC21<\/strong>. Ils forment la \u00ab\u00a0Patrouille Baguette\u00a0\u00bb.<br>La patrouille des \u00ab\u00a0Pains Acrobatiques Fran\u00e7ais\u00a0\u00bb, est nomm\u00e9e en hommage \u00e0 sa grande s\u0153ur compos\u00e9e d&rsquo;Alpha Jets.<br>Cette patrouille \u00e0 pour but de r\u00e9aliser diverses activit\u00e9s a\u00e9riennes telles que le vol en patrouille, la repr\u00e9sentation du club \u00e0 certains \u00e9v\u00e8nements ainsi que la voltige a\u00e9rienne en patrouille ou en solo.<br>Chaque a\u00e9ronef qui compose la patrouille poss\u00e8de le callsign \u00ab\u00a0BREAD\u00a0\u00bb suivi de son num\u00e9ro de position dans la patrouille.<br>Les vols sont organis\u00e9s de mani\u00e8re occasionnelle pour les patrouilles de 3 appareils ou plus, les plus petites patrouilles se forment de mani\u00e8re spontan\u00e9e.<\/p>\n<\/div>\n\n\n\n<div class=\"wp-block-column is-vertically-aligned-center is-layout-flow wp-block-column-is-layout-flow\" style=\"flex-basis:20%\">\n<figure class=\"wp-block-image aligncenter size-full is-resized is-style-default\"><img decoding=\"async\" width=\"1000\" height=\"1000\" src=\"https:\/\/wp.frenchflyingclub.org\/wp-content\/uploads\/2024\/05\/French_Flying_Club-PAF-Logov0.7.png\" alt=\"\" class=\"wp-image-181\" style=\"width:155px;height:auto\" srcset=\"https:\/\/www.frenchflyingclub.org\/wp-content\/uploads\/2024\/05\/French_Flying_Club-PAF-Logov0.7.png 1000w, https:\/\/www.frenchflyingclub.org\/wp-content\/uploads\/2024\/05\/French_Flying_Club-PAF-Logov0.7-300x300.png 300w, https:\/\/www.frenchflyingclub.org\/wp-content\/uploads\/2024\/05\/French_Flying_Club-PAF-Logov0.7-100x100.png 100w, https:\/\/www.frenchflyingclub.org\/wp-content\/uploads\/2024\/05\/French_Flying_Club-PAF-Logov0.7-600x600.png 600w, https:\/\/www.frenchflyingclub.org\/wp-content\/uploads\/2024\/05\/French_Flying_Club-PAF-Logov0.7-150x150.png 150w, https:\/\/www.frenchflyingclub.org\/wp-content\/uploads\/2024\/05\/French_Flying_Club-PAF-Logov0.7-768x768.png 768w\" sizes=\"(max-width: 1000px) 100vw, 1000px\" \/><\/figure>\n<\/div>\n<\/div>\n\n\n\n<div class=\"wp-block-group ticss-77f9b5c4 is-layout-constrained wp-block-group-is-layout-constrained\">\t<!-- CSS Part Start From Here-->\r\n\t<style>\r\n\t\t\r\n\t\t.portfolio-wraper {\r\n\t\t\t\t\t\tmargin-bottom:20px;\r\n\t\t}\r\n\t\t.pfg-bootstrap .img-fluid {\r\n\t\t  max-width: 100%;\r\n\t\t  height: auto;\r\n\t\t}\r\n\r\n\t\t.pfg-bootstrap .img-thumbnail {\r\n\t\t  padding: 0.25rem;\r\n\t\t  background-color: #fff;\r\n\r\n\t\t  \t\t  border: 1px solid #dee2e6;\r\n\t\t  border-radius: 0.25rem;\r\n\t\t  \t\t  max-width: 100%;\r\n\t\t  height: auto;\r\n\t\t}\r\n\t\t.pfg-bootstrap .img-circle {\r\n\t\t  border-radius: 50%;\r\n\t\t}\r\n\t\t.pfg-bootstrap img {\r\n\t\t -moz-transition: all .2s ease-in-out;\r\n\t\t  -webkit-transition: all .2s ease-in-out;\r\n\t\t  -ms-transition: all .2s ease-in-out;\r\n\t\t  -o-transition: all .2s ease-in-out;\r\n\t\t  transition: all .2s ease-in-out;\r\n\t\t}\r\n\t\t.pfg-bootstrap .thumbnail {\r\n\t\t  display: block;\r\n\t\t  padding: 4px;\r\n\t\t  \/*margin-bottom: 20px;*\/\r\n\t\t  line-height: 1.42857143;\r\n\t\t  background-color: #fff;\r\n\t\t  border: 1px solid #ddd;\r\n\t\t  border-radius: 4px;\r\n\t\t  -webkit-transition: border .2s ease-in-out;\r\n\t\t\t   -o-transition: border .2s ease-in-out;\r\n\t\t\t\t  transition: border .2s ease-in-out;\r\n\t\t}\r\n\t\t.pfg-bootstrap .thumbnail > img,\r\n\t\t.pfg-bootstrap .thumbnail a > img {\r\n\t\t  margin-right: auto;\r\n\t\t  margin-left: auto;\r\n\t\t}\r\n\t\t.pfg-bootstrap a.thumbnail:hover,\r\n\t\t.pfg-bootstrap a.thumbnail:focus,\r\n\t\t.pfg-bootstrap a.thumbnail.active {\r\n\t\t  border-color: #337ab7;\r\n\t\t}\r\n\t\t.pfg-bootstrap .thumbnail .caption {\r\n\t\t  padding: 9px;\r\n\t\t  color: #333;\r\n\t\t}\r\n\r\n\t\tfigure {\r\n\t\t  margin: 0;\r\n\t\t}\r\n\t\timg {\r\n\t\t  vertical-align: middle;\r\n\t\t}\r\n\t\t.pfg-bootstrap .img-responsive,\r\n\t\t.pfg-bootstrap .thumbnail > img,\r\n\t\t.pfg-bootstrap .thumbnail a > img,\r\n\t\t.pfg-bootstrap .carousel-inner > .item > img,\r\n\t\t.pfg-bootstrap .carousel-inner > .item > a > img {\r\n\t\t  display: block;\r\n\t\t  max-width: 100%;\r\n\t\t  height: auto;\r\n\t\t}\r\n\t\t.pfg-bootstrap .img-rounded {\r\n\t\t  border-radius: 6px;\r\n\t\t}\r\n\t\t\r\n\t\t\t\tli#all {\r\n\t\t\tmargin: 0;\r\n\t\t}\r\n\t\t\r\n\t\t.simplefilter li {\r\n\t\t\tmargin-top: 5px;\r\n\t\t}\r\n\t\t\r\n\t\t.filtr-search {\r\n\t\t\tmargin-top:10px !important;\r\n\t\t\twidth:200px !important;\r\n\t\t\tmargin-bottom: 20px;\r\n\t\t}\r\n\t\t#all-simplefilter {\r\n\t\t\tdisplay:inline;\r\n\t\t\tpadding-left: 0px !important;\r\n\t\t}\r\n\t\t#f-simplefilter-888 {\r\n\t\t\tdisplay:inline;\r\n\t\t\tpadding-left: 0px !important;\r\n\t\t}\r\n\t\tbutton:hover {\r\n\t\t\tbackground-color: unset !important;\r\n\t\t}\r\n\t\t\r\n\t\t\t\t\r\n\t\t@keyframes .YouTubePopUp-Content  {\r\n\t\t\tfrom {\r\n\t\t\t\ttransform: translate3d(0, 100%, 0);\r\n\t\t\t\tvisibility: visible;\r\n\t\t\t}\r\n\r\n\t\t\tto {\r\n\t\t\t\ttransform: translate3d(0, 0, 0);\r\n\t\t\t}\r\n\t\t}\r\n\r\n\t\t.YouTubePopUp-Content  {\r\n\t\t\tanimation-name: .YouTubePopUp-Content ;\r\n\t\t}\r\n\r\n\t\t.YouTubePopUp-Close { \r\n\t\t\tbackground:url(https:\/\/www.frenchflyingclub.org\/wp-content\/plugins\/portfolio-filter-gallery\/\/img\/close-icon-white.png) no-repeat;\r\n\t\t\tbackground-size:50px 50px;\r\n\t\t\t-webkit-background-size:70px 50px;\r\n\t\t\t-moz-background-size:70px 50px;\r\n\t\t\t-o-background-size:70px 50px;\r\n\t\t}\r\n\t\tul.simplefilter {\r\n\t\t\tmargin-left: 0 !important;\r\n\t\t}\r\n\t\t.pfg_img_888 {\r\n\t\t\twidth: 100% !important;\r\n\t\t\theight: 100% !important;\r\n\t\t}\r\n\t\t.filter_gallery_888 > a {\r\n\t\t\tposition: initial !important;\r\n\t\t}\r\n\t\t.thumbnail_888 {\r\n\t\t\twidth:100% !important;\r\n\t\t\theight:auto;\r\n\t\t\tmargin-bottom: 0px !important;\r\n\t\t\t\r\n\t\t}\r\n\t\t.filtr-item {\r\n\t\t\tpadding-right:7px !important;\r\n\t\t\tpadding-left:7px !important;\r\n\t\t\tpadding-top:7px !important;\r\n\t\t\tpadding-bottom:7px !important;\r\n\t\t}\r\n\t\t.filtr-item img {\r\n\t\t\ttransition: all .2s !important\r\n\t\t}\r\n\t\t\t\t\t\t.simplefilter_888 li {\r\n\t\t\tbackground-color: #ccc;\r\n\t\t\tcolor: #ffffff;\r\n\t\t}\r\n\t\t\r\n\t\t.simplefilter_888 li:hover {\r\n\t\t\tbackground-color: #656565 !important;\r\n\t\t}\r\n\t\t\r\n\t\t.simplefilter_888 li.active {\r\n\t\t\tbackground-color: #656565 !important;\r\n\t\t}\r\n\t\t\r\n\t\t\t<\/style>\r\n\t\t<div class=\"portfolio-wraper pfg-bootstrap\" version=\"1.7.5\">\r\n\t\t\t\t<!-- Shuffle & Sort Controls -->\r\n\t\t\t\t\r\n\t\t<div class=\"row loading-wrapper text-center\">\r\n\t\t\t<img decoding=\"async\" src=\"https:\/\/www.frenchflyingclub.org\/wp-content\/plugins\/portfolio-filter-gallery\/\/img\/loading-icon.gif\" width=\"60\">\r\n\t\t<\/div>\r\n\t\t<div class=\"filter_gallery_888 row filtr-container filters-div\" style=\"opacity:0; display:none;\">\r\n\t\t\t\t\t\t\t\t<a href=\"https:\/\/www.frenchflyingclub.org\/?sdm_process_download=1&#038;download_id=722\" target=\"_blank\" title=\"Iris Simulation \u2013 PC21\" title=\"Iris Simulation \u2013 PC21\">\r\n\t\t\t\t\t\t<div data-category=\"1\" data-sort=\"Iris Simulation \u2013 PC21\" class=\"animateonload filtr-item filtr_item_888 single_one col-lg-3 col-md-12 col-sm-4 col-12\">\r\n\t\t\t\t\t\t\t\t\t\t\t\t\t\t\t<img decoding=\"async\" class=\" thumbnail  thumbnail_888 pfg-img pfg_img_888 img-responsive none\" src=\"https:\/\/www.frenchflyingclub.org\/wp-content\/uploads\/2024\/10\/PC21.png\" alt=\"\">\r\n\t\t\t\t\t\t\t\t\t\t\t\t\t\t\t\t\t<span class=\"item-desc item_desc_888\">Iris Simulation \u2013 PC21<\/span>\r\n\t\t\t\t\t\t\t\t\t\t\t\t\t\t<\/div>\r\n\t\t\t\t\t<\/a>\r\n\t\t\t\t\t\t\t\t\t\t<a href=\"https:\/\/www.frenchflyingclub.org\/?sdm_process_download=1&#038;download_id=758\" target=\"_blank\" title=\"AzurPoly \u2013 TB30\" title=\"AzurPoly \u2013 TB30\">\r\n\t\t\t\t\t\t<div data-category=\"1\" data-sort=\"AzurPoly \u2013 TB30\" class=\"animateonload filtr-item filtr_item_888 single_one col-lg-3 col-md-12 col-sm-4 col-12\">\r\n\t\t\t\t\t\t\t\t\t\t\t\t\t\t\t<img decoding=\"async\" class=\" thumbnail  thumbnail_888 pfg-img pfg_img_888 img-responsive none\" src=\"https:\/\/www.frenchflyingclub.org\/wp-content\/uploads\/2024\/10\/TB30.png\" alt=\"\">\r\n\t\t\t\t\t\t\t\t\t\t\t\t\t\t\t\t\t<span class=\"item-desc item_desc_888\">AzurPoly \u2013 TB30<\/span>\r\n\t\t\t\t\t\t\t\t\t\t\t\t\t\t<\/div>\r\n\t\t\t\t\t<\/a>\r\n\t\t\t\t\t\t\t<\/div>\r\n\t<\/div>\r\n<script>\r\n\r\nsetTimeout(function () {\r\n\tjQuery(\".thumbnail_888\").each(function(){\r\n\t\t\/\/ console.log(jQuery(this).width() + \"x\" + jQuery(this).height())\r\n\t\tvar h = jQuery(this).height();\r\n\t\tvar w = jQuery(this).width();\r\n\t\tjQuery(this).height(h);\r\n\t\tjQuery(this).width(w);\r\n\t\tjQuery(this).resize();\r\n\t});\r\n}, 2500);\r\n\r\njQuery(document).ready(function (jQuery) {\r\n    jQuery('.filtr-item').addClass('animateonload');\r\n    jQuery('#filter_gallery_888').show();\r\n    jQuery('.loading-wrapper').hide();\r\n    jQuery(\".loader_img\").hide();\r\n    jQuery(\".lg_load_more\").show();\r\n    jQuery(\".filtr-container\").css(\"opacity\", 1);\r\n\r\n    \/\/ Define Filterizr Default Options\r\n    const options = {\r\n        animationDuration: 0.5,\r\n        callbacks: {\r\n            onFilteringStart: function() {\r\n                \/\/ Apply sorting shortly after filtering starts\r\n                setTimeout(function() {\r\n                                    }, 50);\r\n            },\r\n            onFilteringEnd: function() {\r\n                \/\/ Apply sorting shortly after filtering ends\r\n                setTimeout(function() {\r\n                                    }, 50);\r\n            },\r\n            onShufflingStart: function() { },\r\n            onShufflingEnd: function() { },\r\n            onSortingStart: function() { },\r\n            onSortingEnd: function() { }\r\n        },\r\n        controlsSelector: '.filtr-controls-888',\r\n        filter: 'all',\r\n        filterOutCss: {\r\n            top: '0px',\r\n            left: '0px',\r\n            opacity: 0.001,\r\n            transform: ''\r\n        },\r\n        filterInCss: {\r\n            top: '0px',\r\n            left: '0px',\r\n            opacity: 1,\r\n            transform: ''\r\n        },\r\n        layout: 'sameWidth',\r\n        selector: '.filtr-item',\r\n        setupControls: false\r\n    };\r\n\r\n    \/\/ Initialize Filterizr and ensure it is globally accessible\r\n    window.filterizd = jQuery('.filter_gallery_888').filterizr(options);\r\n\r\n    jQuery('.filter_gallery_888').imagesLoaded(function() {\r\n        \/\/ Reapply sorting after initial load\r\n        \r\n        \/\/ Resize handling\r\n        jQuery(window).resize(function() {\r\n            jQuery(\".thumbnail_888\").each(function() {\r\n                var h = jQuery(this).height();\r\n                var w = jQuery(this).width();\r\n                jQuery(this).height(h);\r\n                jQuery(this).width(w);\r\n            });\r\n\r\n            \/\/ Reapply sorting after resizing\r\n                    });\r\n    });\r\n\r\n\t\t\r\n\t\t\/\/bootstrap-lightbox-js\r\n\t\t\/\/ delegate calls to data-toggle=\"lightbox\"\r\n\t\tdocument.addEventListener('DOMContentLoaded', (event) => {\r\n            document.querySelectorAll('.my-lightbox-toggle').forEach((el) => {\r\n                el.addEventListener('click', (e) => {\r\n                    e.preventDefault();\r\n\r\n                    const options = {\r\n                        keyboard: true,\r\n                        size: 'fullscreen'\r\n                    };\r\n\r\n                    \/\/ Assuming Lightbox is a constructor from the included library\r\n                    \/\/ Check if the Lightbox class or function exists\r\n                    if (typeof Lightbox !== 'undefined') {\r\n                        const lightbox = new Lightbox(el, options);\r\n                        lightbox.show();\r\n                    } else {\r\n                        console.error('Lightbox library is not loaded.');\r\n                    }\r\n                });\r\n            });\r\n        });\r\n\t\t\t\tjQuery('.filtr-control-888 [data-filter]').click(function() {\r\n\t\t\t\/\/jQuery('.swiper-888').swipebox('swipebox-destroy');\r\n\t\t\tvar targetFilter = jQuery(this).data('filter');\r\n\t\t\tvar lighbox_class_name = \"pfg-lightbox-\" + targetFilter;\r\n\t\t\tjQuery('.pfg-lightbox-' + targetFilter ).attr('data-lightbox', lighbox_class_name); \/\/ add data filter for parent filters\r\n\t\t});\r\n\t\t\r\n\t\t\r\n\t\/\/ video player\r\n\tjQuery(function(){\r\n      jQuery(\"a.video-box-888\").YouTubePopUp( { autoplay: 0 } ); \/\/ Disable autoplay\r\n\t});\r\n\t\r\n});   \r\n<\/script>\n<\/div>\n","protected":false},"excerpt":{"rendered":"<p>Depuis peu le French Flying Club dispose d&rsquo;une flotte de TB30 et de PC21. Ils forment la \u00ab\u00a0Patrouille Baguette\u00a0\u00bb.La patrouille des \u00ab\u00a0Pains Acrobatiques Fran\u00e7ais\u00a0\u00bb, est nomm\u00e9e en hommage \u00e0 sa grande s\u0153ur compos\u00e9e d&rsquo;Alpha Jets.Cette patrouille \u00e0 pour but de r\u00e9aliser diverses activit\u00e9s a\u00e9riennes telles que le vol en patrouille, la repr\u00e9sentation du club \u00e0 [&hellip;]<\/p>\n","protected":false},"author":2,"featured_media":0,"parent":0,"menu_order":0,"comment_status":"closed","ping_status":"closed","template":"","meta":{"_themeisle_gutenberg_block_has_review":false,"footnotes":""},"class_list":["post-180","page","type-page","status-publish","hentry"],"_links":{"self":[{"href":"https:\/\/www.frenchflyingclub.org\/index.php\/wp-json\/wp\/v2\/pages\/180","targetHints":{"allow":["GET"]}}],"collection":[{"href":"https:\/\/www.frenchflyingclub.org\/index.php\/wp-json\/wp\/v2\/pages"}],"about":[{"href":"https:\/\/www.frenchflyingclub.org\/index.php\/wp-json\/wp\/v2\/types\/page"}],"author":[{"embeddable":true,"href":"https:\/\/www.frenchflyingclub.org\/index.php\/wp-json\/wp\/v2\/users\/2"}],"replies":[{"embeddable":true,"href":"https:\/\/www.frenchflyingclub.org\/index.php\/wp-json\/wp\/v2\/comments?post=180"}],"version-history":[{"count":14,"href":"https:\/\/www.frenchflyingclub.org\/index.php\/wp-json\/wp\/v2\/pages\/180\/revisions"}],"predecessor-version":[{"id":889,"href":"https:\/\/www.frenchflyingclub.org\/index.php\/wp-json\/wp\/v2\/pages\/180\/revisions\/889"}],"wp:attachment":[{"href":"https:\/\/www.frenchflyingclub.org\/index.php\/wp-json\/wp\/v2\/media?parent=180"}],"curies":[{"name":"wp","href":"https:\/\/api.w.org\/{rel}","templated":true}]}}